{"id":1080,"date":"2024-12-10T17:13:22","date_gmt":"2024-12-10T17:13:22","guid":{"rendered":"https:\/\/www.tejedoradeuniversos.com\/tour-de-las-estrellas\/?page_id=1080"},"modified":"2024-12-14T00:03:41","modified_gmt":"2024-12-14T00:03:41","slug":"sobre-nora","status":"publish","type":"page","link":"https:\/\/www.tejedoradeuniversos.com\/tour-de-las-estrellas\/sobre-nora\/","title":{"rendered":"Sobre Nora"},"content":{"rendered":"<div class=\"wpb-content-wrapper\"><p>[vc_row][vc_column css=\u00bb.vc_custom_1733851450030{background-color: #ffffff !important;}\u00bb]<div class='dt-sc-title with-two-border with-sub-title '><h2>Conoce a Nora<\/h2><h3>En honor a la vida, celebremos juntos tus logros y transformaciones<\/h3><\/div>[vc_column_text]<span style=\"font-size: large;\">Amo la monta\u00f1a, los r\u00edos, el mar y los animales. Necesito la m\u00fasica, el arte y la inspiraci\u00f3n que es la base para mi trabajo.<\/span><\/p>\n<div><span style=\"font-size: large;\">Vivo para el servicio, mi trabajo para la gente es mi pasi\u00f3n, por lo tanto mi\u00a0 familia crece continuamente.<\/span><\/div>\n<div><span style=\"font-size: large;\">\u00bfC\u00f3mo servir sin amar?<\/span><\/div>\n<div><span style=\"font-size: large;\">es imposible.<\/span><\/div>\n<p>[\/vc_column_text][\/vc_column][\/vc_row][vc_row bg_type=\u00bbbg_color\u00bb bg_color_value=\u00bb#e2e2e2&#8243; css=\u00bb.vc_custom_1733851503993{background-color: #ffffff !important;}\u00bb][vc_column width=\u00bb1\/2&#8243; css=\u00bb.vc_custom_1733851703729{background-color: #ffffff !important;}\u00bb][vc_single_image image=\u00bb1098&#8243; img_size=\u00bbfull\u00bb style=\u00bbvc_box_rounded\u00bb][\/vc_column][vc_column width=\u00bb1\/2&#8243; css=\u00bb.vc_custom_1733851465455{background-color: #ffffff !important;}\u00bb]<div id=\"ultimate-heading-599869fb15d3b168b\" class=\"uvc-heading ult-adjust-bottom-margin ultimate-heading-599869fb15d3b168b uvc-5279 \" data-hspacer=\"no_spacer\"  data-halign=\"center\" style=\"text-align:center\"><div class=\"uvc-heading-spacer no_spacer\" style=\"top\"><\/div><div class=\"uvc-main-heading ult-responsive\"  data-ultimate-target='.uvc-heading.ultimate-heading-599869fb15d3b168b h2'  data-responsive-json-new='{\"font-size\":\"\",\"line-height\":\"\"}' ><h2 style=\"font-weight:normal;\">Soy un instrumento empoderador<\/h2><\/div><\/div>[vc_empty_space css=\u00bb.vc_custom_1733851975220{background-color: #ffffff !important;}\u00bb][vc_column_text]<span style=\"font-size: large;\">He sido capacitada por mis maestros de las estrellas para empoderar gente en lo que para cada uno es,\u00a0 su respectiva cualidad, don y capacidad. <\/span><span style=\"font-size: large;\">Abonando en cada quien su verdadera esencia y no otra. <\/span><\/p>\n<p><span style=\"font-size: large;\">He sido el canal para crear con soporte estelar, 3 m\u00e9todos ascensionales que permiten a cada uno trabajar para s\u00ed mismo de forma multidimensional.\u00a0<\/span><\/p>\n<div>\n<hr \/>\n<\/div>\n<p><i class=\"fas fa-globe\" aria-hidden=\"true\"><\/i><span class=\"elementor-icon-list-text\">\u00a0M\u00e9todo Holtej<\/span><br \/>\n<i class=\"fas fa-globe\" aria-hidden=\"true\"><\/i><span class=\"elementor-icon-list-text\">\u00a0 Gr\u00e1ficos de la Conciencia C\u00f3smica\u00a0<\/span><br \/>\n<i class=\"fas fa-globe\" aria-hidden=\"true\"><\/i><span class=\"elementor-icon-list-text\">\u00a0 Tour de las Estrellas<\/span><\/p>\n<p>&nbsp;<\/p>\n<p><span style=\"font-size: large;\">Que cada ser humano retome sus conexiones\u00a0 y pueda avanzar por s\u00ed mismo en todos sus temas, con comprensi\u00f3n y herramientas.<\/span><\/p>\n<p>Te doy la bienvenida en mi vida y estoy a la orden en lo que pueda apoyar tu proceso, somos lo mismo.[\/vc_column_text][vc_empty_space height=\u00bb101px\u00bb css=\u00bb.vc_custom_1733852096202{background-color: #ffffff !important;}\u00bb][\/vc_column][\/vc_row]<\/p>\n<\/div>","protected":false},"excerpt":{"rendered":"<p>[vc_row][vc_column css=\u00bb.vc_custom_1733851450030{background-color: #ffffff !important;}\u00bb][vc_column_text]Amo la monta\u00f1a, los r\u00edos, el mar y los animales. Necesito la m\u00fasica, el arte y la inspiraci\u00f3n que es la base para mi trabajo. Vivo para el servicio, mi trabajo para la gente es mi pasi\u00f3n, por lo tanto mi\u00a0 familia crece continuamente. \u00bfC\u00f3mo servir sin amar? es imposible. [\/vc_column_text][\/vc_column][\/vc_row][vc_row bg_type=\u00bbbg_color\u00bb [&hellip;]<\/p>\n","protected":false},"author":1,"featured_media":0,"parent":0,"menu_order":0,"comment_status":"closed","ping_status":"closed","template":"","meta":{"footnotes":""},"class_list":["post-1080","page","type-page","status-publish","hentry"],"_links":{"self":[{"href":"https:\/\/www.tejedoradeuniversos.com\/tour-de-las-estrellas\/wp-json\/wp\/v2\/pages\/1080","targetHints":{"allow":["GET"]}}],"collection":[{"href":"https:\/\/www.tejedoradeuniversos.com\/tour-de-las-estrellas\/wp-json\/wp\/v2\/pages"}],"about":[{"href":"https:\/\/www.tejedoradeuniversos.com\/tour-de-las-estrellas\/wp-json\/wp\/v2\/types\/page"}],"author":[{"embeddable":true,"href":"https:\/\/www.tejedoradeuniversos.com\/tour-de-las-estrellas\/wp-json\/wp\/v2\/users\/1"}],"replies":[{"embeddable":true,"href":"https:\/\/www.tejedoradeuniversos.com\/tour-de-las-estrellas\/wp-json\/wp\/v2\/comments?post=1080"}],"version-history":[{"count":21,"href":"https:\/\/www.tejedoradeuniversos.com\/tour-de-las-estrellas\/wp-json\/wp\/v2\/pages\/1080\/revisions"}],"predecessor-version":[{"id":1113,"href":"https:\/\/www.tejedoradeuniversos.com\/tour-de-las-estrellas\/wp-json\/wp\/v2\/pages\/1080\/revisions\/1113"}],"wp:attachment":[{"href":"https:\/\/www.tejedoradeuniversos.com\/tour-de-las-estrellas\/wp-json\/wp\/v2\/media?parent=1080"}],"curies":[{"name":"wp","href":"https:\/\/api.w.org\/{rel}","templated":true}]}}