{"id":627,"date":"2020-05-18T17:08:32","date_gmt":"2020-05-18T17:08:32","guid":{"rendered":"https:\/\/www.tejedoradeuniversos.com\/tour-de-las-estrellas\/?post_type=product&#038;p=627"},"modified":"2021-08-31T10:18:49","modified_gmt":"2021-08-31T10:18:49","slug":"pack-audios-del-15-al-21","status":"publish","type":"product","link":"https:\/\/www.tejedoradeuniversos.com\/tour-de-las-estrellas\/product\/pack-audios-del-15-al-21\/","title":{"rendered":"Pack: Audios del 15 al 21"},"content":{"rendered":"\n<p><\/p>\n\n\n\n<p>Bienvenidos a bordo!<\/p>\n\n\n\n<p>Bienvenidos a este viaje de sanaci\u00f3n guiado: El Tour de las Estrellas, tu trabajo interno de grandes resultados con incomparables apoyos y enormes resultados.<\/p>\n\n\n\n<p>Enhorabuena. Ser\u00e1s cada d\u00eda guiado, apoyado y custodiado.<\/p>\n\n\n\n<p><\/p>\n","protected":false},"excerpt":{"rendered":"[audio mp3=\"https:\/\/www.tejedoradeuniversos.com\/tour-de-las-estrellas\/wp-content\/uploads\/2020\/06\/clip-17.mp3\"][\/audio]\n[audio mp3=\"https:\/\/www.tejedoradeuniversos.com\/tour-de-las-estrellas\/wp-content\/uploads\/2020\/06\/clip-19.mp3\"][\/audio]\n<p>&nbsp;<\/p>\n<p class=\"p1\"><span class=\"s1\"><b>Tour de las Estrellas <\/b><\/span><\/p>\n<p class=\"p1\"><span class=\"s1\"><b>Te encuentras en la tercera\u00a0 y \u00faltima fase si estas trabajando del d\u00eda 15 al d\u00eda 21. <\/b><\/span><span class=\"s2\"><b>Has elegido el viaje de sanaci\u00f3n y empoderamiento.<\/b><\/span><\/p>\n<p class=\"p2\"><span class=\"s1\"><i>la oportunidad para construir la mejor versi\u00f3n de uno mismo es aqu\u00ed y ahora.<\/i><\/span><\/p>\n","protected":false},"featured_media":894,"comment_status":"open","ping_status":"closed","template":"","meta":[],"product_brand":[],"product_cat":[16],"product_tag":[],"class_list":{"0":"post-627","1":"product","2":"type-product","3":"status-publish","4":"has-post-thumbnail","6":"product_cat-sin-categorizar","8":"first","9":"instock","10":"downloadable","11":"virtual","12":"sold-individually","13":"purchasable","14":"product-type-simple"},"_links":{"self":[{"href":"https:\/\/www.tejedoradeuniversos.com\/tour-de-las-estrellas\/wp-json\/wp\/v2\/product\/627","targetHints":{"allow":["GET"]}}],"collection":[{"href":"https:\/\/www.tejedoradeuniversos.com\/tour-de-las-estrellas\/wp-json\/wp\/v2\/product"}],"about":[{"href":"https:\/\/www.tejedoradeuniversos.com\/tour-de-las-estrellas\/wp-json\/wp\/v2\/types\/product"}],"replies":[{"embeddable":true,"href":"https:\/\/www.tejedoradeuniversos.com\/tour-de-las-estrellas\/wp-json\/wp\/v2\/comments?post=627"}],"wp:featuredmedia":[{"embeddable":true,"href":"https:\/\/www.tejedoradeuniversos.com\/tour-de-las-estrellas\/wp-json\/wp\/v2\/media\/894"}],"wp:attachment":[{"href":"https:\/\/www.tejedoradeuniversos.com\/tour-de-las-estrellas\/wp-json\/wp\/v2\/media?parent=627"}],"wp:term":[{"taxonomy":"product_brand","embeddable":true,"href":"https:\/\/www.tejedoradeuniversos.com\/tour-de-las-estrellas\/wp-json\/wp\/v2\/product_brand?post=627"},{"taxonomy":"product_cat","embeddable":true,"href":"https:\/\/www.tejedoradeuniversos.com\/tour-de-las-estrellas\/wp-json\/wp\/v2\/product_cat?post=627"},{"taxonomy":"product_tag","embeddable":true,"href":"https:\/\/www.tejedoradeuniversos.com\/tour-de-las-estrellas\/wp-json\/wp\/v2\/product_tag?post=627"}],"curies":[{"name":"wp","href":"https:\/\/api.w.org\/{rel}","templated":true}]}}